{"id":938,"date":"2025-06-15T18:59:36","date_gmt":"2025-06-15T16:59:36","guid":{"rendered":"https:\/\/ateliermolecule.fr\/?page_id=938"},"modified":"2025-06-27T10:03:44","modified_gmt":"2025-06-27T08:03:44","slug":"le-modelage","status":"publish","type":"page","link":"https:\/\/ateliermolecule.fr\/index.php\/le-modelage\/","title":{"rendered":"Le modelage"},"content":{"rendered":"\t\t<div data-elementor-type=\"wp-page\" data-elementor-id=\"938\" class=\"elementor elementor-938\">\n\t\t\t\t<div class=\"elementor-element elementor-element-d39d315 e-flex e-con-boxed e-con e-parent\" data-id=\"d39d315\" data-element_type=\"container\" data-e-type=\"container\">\n\t\t\t\t\t<div class=\"e-con-inner\">\n\t\t\t\t<div class=\"elementor-element elementor-element-1aff0e0 elementor-widget elementor-widget-heading\" data-id=\"1aff0e0\" data-element_type=\"widget\" data-e-type=\"widget\" data-widget_type=\"heading.default\">\n\t\t\t\t<div class=\"elementor-widget-container\">\n\t\t\t\t\t<h2 class=\"elementor-heading-title elementor-size-default\">Les cours de modelage<\/h2>\t\t\t\t<\/div>\n\t\t\t\t<\/div>\n\t\t\t\t\t<\/div>\n\t\t\t\t<\/div>\n\t\t<div class=\"elementor-element elementor-element-836a9ef e-flex e-con-boxed e-con e-parent\" data-id=\"836a9ef\" data-element_type=\"container\" data-e-type=\"container\">\n\t\t\t\t\t<div class=\"e-con-inner\">\n\t\t<div class=\"elementor-element elementor-element-7a43104 e-con-full e-flex e-con e-child\" data-id=\"7a43104\" data-element_type=\"container\" data-e-type=\"container\">\n\t\t\t\t<div class=\"elementor-element elementor-element-5290b1c elementor-widget elementor-widget-heading\" data-id=\"5290b1c\" data-element_type=\"widget\" data-e-type=\"widget\" data-widget_type=\"heading.default\">\n\t\t\t\t<div class=\"elementor-widget-container\">\n\t\t\t\t\t<h2 class=\"elementor-heading-title elementor-size-default\">Initiations<\/h2>\t\t\t\t<\/div>\n\t\t\t\t<\/div>\n\t\t\t\t<div class=\"elementor-element elementor-element-55f4b3d elementor-widget elementor-widget-image\" data-id=\"55f4b3d\" data-element_type=\"widget\" data-e-type=\"widget\" data-widget_type=\"image.default\">\n\t\t\t\t<div class=\"elementor-widget-container\">\n\t\t\t\t\t\t\t\t\t\t\t\t\t\t\t<img fetchpriority=\"high\" decoding=\"async\" width=\"800\" height=\"800\" src=\"https:\/\/ateliermolecule.fr\/wp-content\/uploads\/2025\/03\/atelier-modelage-bordeaux-2.jpg\" class=\"attachment-large size-large wp-image-513\" alt=\"\" srcset=\"https:\/\/ateliermolecule.fr\/wp-content\/uploads\/2025\/03\/atelier-modelage-bordeaux-2.jpg 800w, https:\/\/ateliermolecule.fr\/wp-content\/uploads\/2025\/03\/elementor\/thumbs\/atelier-modelage-bordeaux-2-r35d8oke4wkzhrz7hqvrjjdbzpjdz6b8n8pd6nboag.jpg 300w, https:\/\/ateliermolecule.fr\/wp-content\/uploads\/2025\/03\/atelier-modelage-bordeaux-2-150x150.jpg 150w, https:\/\/ateliermolecule.fr\/wp-content\/uploads\/2025\/03\/atelier-modelage-bordeaux-2-768x768.jpg 768w\" sizes=\"(max-width: 800px) 100vw, 800px\" \/>\t\t\t\t\t\t\t\t\t\t\t\t\t\t\t<\/div>\n\t\t\t\t<\/div>\n\t\t\t\t<div class=\"elementor-element elementor-element-8f0db0c elementor-widget elementor-widget-text-editor\" data-id=\"8f0db0c\" data-element_type=\"widget\" data-e-type=\"widget\" data-widget_type=\"text-editor.default\">\n\t\t\t\t<div class=\"elementor-widget-container\">\n\t\t\t\t\t\t\t\t\t<p>2h \u00a0&#8211; \u00a060 \u20ac par pers. \u00a0&#8211; \u00a04 personnes max.<\/p><p>Pendant le cours, fa\u00e7onnez deux pi\u00e8ces vous-m\u00eame (tasses, bols etc.). Vous d\u00e9couvrirez les principales techniques de modelage avec Juliette puis le d\u00e9cor sur vos pi\u00e8ces.<\/p>\t\t\t\t\t\t\t\t<\/div>\n\t\t\t\t<\/div>\n\t\t\t\t<div class=\"elementor-element elementor-element-947a100 elementor-widget elementor-widget-button\" data-id=\"947a100\" data-element_type=\"widget\" data-e-type=\"widget\" data-widget_type=\"button.default\">\n\t\t\t\t<div class=\"elementor-widget-container\">\n\t\t\t\t\t\t\t\t\t<div class=\"elementor-button-wrapper\">\n\t\t\t\t\t<a class=\"elementor-button elementor-button-link elementor-size-sm\" href=\"https:\/\/ateliermolecule.fr\/index.php\/initiation-au-modelage\/\">\n\t\t\t\t\t\t<span class=\"elementor-button-content-wrapper\">\n\t\t\t\t\t\t\t\t\t<span class=\"elementor-button-text\">R\u00e9server<\/span>\n\t\t\t\t\t<\/span>\n\t\t\t\t\t<\/a>\n\t\t\t\t<\/div>\n\t\t\t\t\t\t\t\t<\/div>\n\t\t\t\t<\/div>\n\t\t\t\t<\/div>\n\t\t<div class=\"elementor-element elementor-element-903d9ca e-con-full e-flex e-con e-child\" data-id=\"903d9ca\" data-element_type=\"container\" data-e-type=\"container\">\n\t\t<div class=\"elementor-element elementor-element-a3b61f8 e-con-full e-flex e-con e-child\" data-id=\"a3b61f8\" data-element_type=\"container\" data-e-type=\"container\">\n\t\t\t\t<div class=\"elementor-element elementor-element-9e53b18 elementor-widget elementor-widget-heading\" data-id=\"9e53b18\" data-element_type=\"widget\" data-e-type=\"widget\" data-widget_type=\"heading.default\">\n\t\t\t\t<div class=\"elementor-widget-container\">\n\t\t\t\t\t<h2 class=\"elementor-heading-title elementor-size-default\">4 s\u00e9ances<\/h2>\t\t\t\t<\/div>\n\t\t\t\t<\/div>\n\t\t\t\t<div class=\"elementor-element elementor-element-2b73ff2 elementor-widget elementor-widget-image\" data-id=\"2b73ff2\" data-element_type=\"widget\" data-e-type=\"widget\" data-widget_type=\"image.default\">\n\t\t\t\t<div class=\"elementor-widget-container\">\n\t\t\t\t\t\t\t\t\t\t\t\t\t\t\t<img decoding=\"async\" width=\"800\" height=\"800\" src=\"https:\/\/ateliermolecule.fr\/wp-content\/uploads\/2025\/06\/Redim-ok-8.jpg\" class=\"attachment-large size-large wp-image-1080\" alt=\"\" srcset=\"https:\/\/ateliermolecule.fr\/wp-content\/uploads\/2025\/06\/Redim-ok-8.jpg 800w, https:\/\/ateliermolecule.fr\/wp-content\/uploads\/2025\/06\/Redim-ok-8-300x300.jpg 300w, https:\/\/ateliermolecule.fr\/wp-content\/uploads\/2025\/06\/Redim-ok-8-150x150.jpg 150w, https:\/\/ateliermolecule.fr\/wp-content\/uploads\/2025\/06\/Redim-ok-8-768x768.jpg 768w\" sizes=\"(max-width: 800px) 100vw, 800px\" \/>\t\t\t\t\t\t\t\t\t\t\t\t\t\t\t<\/div>\n\t\t\t\t<\/div>\n\t\t\t\t<div class=\"elementor-element elementor-element-2b06773 elementor-widget elementor-widget-text-editor\" data-id=\"2b06773\" data-element_type=\"widget\" data-e-type=\"widget\" data-widget_type=\"text-editor.default\">\n\t\t\t\t<div class=\"elementor-widget-container\">\n\t\t\t\t\t\t\t\t\t<p>4 x 2h \u00a0&#8211; \u00a0210\u20ac par pers. \u00a0&#8211; \u00a04 personnes max.<\/p><p>Un atelier toutes les semaines pendant un mois, parfait pour commencer, perfectionner sa technique et comprendre le processus de la c\u00e9ramique et du modelage de A \u00e0 Z.<\/p>\t\t\t\t\t\t\t\t<\/div>\n\t\t\t\t<\/div>\n\t\t\t\t<div class=\"elementor-element elementor-element-462d55c elementor-widget elementor-widget-button\" data-id=\"462d55c\" data-element_type=\"widget\" data-e-type=\"widget\" data-widget_type=\"button.default\">\n\t\t\t\t<div class=\"elementor-widget-container\">\n\t\t\t\t\t\t\t\t\t<div class=\"elementor-button-wrapper\">\n\t\t\t\t\t<a class=\"elementor-button elementor-button-link elementor-size-sm\" href=\"https:\/\/ateliermolecule.fr\/index.php\/calendrier-mensuel-modelage\/\">\n\t\t\t\t\t\t<span class=\"elementor-button-content-wrapper\">\n\t\t\t\t\t\t\t\t\t<span class=\"elementor-button-text\">R\u00e9server<\/span>\n\t\t\t\t\t<\/span>\n\t\t\t\t\t<\/a>\n\t\t\t\t<\/div>\n\t\t\t\t\t\t\t\t<\/div>\n\t\t\t\t<\/div>\n\t\t\t\t<\/div>\n\t\t\t\t<\/div>\n\t\t\t\t\t<\/div>\n\t\t\t\t<\/div>\n\t\t<div class=\"elementor-element elementor-element-1ba79e4 e-con-full e-flex elementor-invisible e-con e-parent\" data-id=\"1ba79e4\" data-element_type=\"container\" data-e-type=\"container\" data-settings=\"{&quot;background_background&quot;:&quot;classic&quot;,&quot;animation&quot;:&quot;fadeInUp&quot;}\">\n\t\t<div class=\"elementor-element elementor-element-02b4a36 e-con-full e-flex e-con e-child\" data-id=\"02b4a36\" data-element_type=\"container\" data-e-type=\"container\">\n\t\t\t\t<div class=\"elementor-element elementor-element-c8a3a4b elementor-widget elementor-widget-heading\" data-id=\"c8a3a4b\" data-element_type=\"widget\" data-e-type=\"widget\" data-widget_type=\"heading.default\">\n\t\t\t\t<div class=\"elementor-widget-container\">\n\t\t\t\t\t<h2 class=\"elementor-heading-title elementor-size-default\">Contactez-nous !<\/h2>\t\t\t\t<\/div>\n\t\t\t\t<\/div>\n\t\t\t\t<div class=\"elementor-element elementor-element-4425643 elementor-widget elementor-widget-text-editor\" data-id=\"4425643\" data-element_type=\"widget\" data-e-type=\"widget\" data-widget_type=\"text-editor.default\">\n\t\t\t\t<div class=\"elementor-widget-container\">\n\t\t\t\t\t\t\t\t\t<p>Une question, un projet, ou simplement envie d&rsquo;en savoir plus sur notre atelier ?<\/p><p>Ecrivez-nous, nous serions ravies d&rsquo;\u00e9changer avec vous !<\/p>\t\t\t\t\t\t\t\t<\/div>\n\t\t\t\t<\/div>\n\t\t\t\t<div class=\"elementor-element elementor-element-9f7a679 elementor-widget elementor-widget-button\" data-id=\"9f7a679\" data-element_type=\"widget\" data-e-type=\"widget\" data-widget_type=\"button.default\">\n\t\t\t\t<div class=\"elementor-widget-container\">\n\t\t\t\t\t\t\t\t\t<div class=\"elementor-button-wrapper\">\n\t\t\t\t\t<a class=\"elementor-button elementor-button-link elementor-size-sm elementor-animation-grow\" href=\"https:\/\/ateliermolecule.fr\/index.php\/contact\/\">\n\t\t\t\t\t\t<span class=\"elementor-button-content-wrapper\">\n\t\t\t\t\t\t\t\t\t<span class=\"elementor-button-text\">Contacter mol\u00e9cule<\/span>\n\t\t\t\t\t<\/span>\n\t\t\t\t\t<\/a>\n\t\t\t\t<\/div>\n\t\t\t\t\t\t\t\t<\/div>\n\t\t\t\t<\/div>\n\t\t\t\t<\/div>\n\t\t<div class=\"elementor-element elementor-element-40a6796 e-con-full e-flex e-con e-child\" data-id=\"40a6796\" data-element_type=\"container\" data-e-type=\"container\">\n\t\t\t\t<div class=\"elementor-element elementor-element-b401ac6 elementor-widget elementor-widget-google_maps\" data-id=\"b401ac6\" data-element_type=\"widget\" data-e-type=\"widget\" data-widget_type=\"google_maps.default\">\n\t\t\t\t<div class=\"elementor-widget-container\">\n\t\t\t\t\t\t\t<div class=\"elementor-custom-embed\">\n\t\t\t<iframe loading=\"lazy\"\n\t\t\t\t\tsrc=\"https:\/\/maps.google.com\/maps?q=atelier%20molecule&#038;t=m&#038;z=13&#038;output=embed&#038;iwloc=near\"\n\t\t\t\t\ttitle=\"atelier molecule\"\n\t\t\t\t\taria-label=\"atelier molecule\"\n\t\t\t><\/iframe>\n\t\t<\/div>\n\t\t\t\t\t\t<\/div>\n\t\t\t\t<\/div>\n\t\t\t\t<\/div>\n\t\t\t\t<\/div>\n\t\t\t\t<\/div>\n\t\t","protected":false},"excerpt":{"rendered":"<p>Les cours de modelage Initiations 2h \u00a0&#8211; \u00a060 \u20ac par pers. \u00a0&#8211; \u00a04 personnes max. Pendant le cours, fa\u00e7onnez deux pi\u00e8ces vous-m\u00eame (tasses, bols etc.). Vous d\u00e9couvrirez les principales techniques de modelage avec Juliette puis le d\u00e9cor sur vos pi\u00e8ces. R\u00e9server 4 s\u00e9ances 4 x 2h \u00a0&#8211; \u00a0210\u20ac par pers. \u00a0&#8211; \u00a04 personnes max. Un [&hellip;]<\/p>\n","protected":false},"author":1,"featured_media":0,"parent":0,"menu_order":0,"comment_status":"closed","ping_status":"closed","template":"elementor_header_footer","meta":{"footnotes":""},"class_list":["post-938","page","type-page","status-publish","hentry"],"_links":{"self":[{"href":"https:\/\/ateliermolecule.fr\/index.php\/wp-json\/wp\/v2\/pages\/938","targetHints":{"allow":["GET"]}}],"collection":[{"href":"https:\/\/ateliermolecule.fr\/index.php\/wp-json\/wp\/v2\/pages"}],"about":[{"href":"https:\/\/ateliermolecule.fr\/index.php\/wp-json\/wp\/v2\/types\/page"}],"author":[{"embeddable":true,"href":"https:\/\/ateliermolecule.fr\/index.php\/wp-json\/wp\/v2\/users\/1"}],"replies":[{"embeddable":true,"href":"https:\/\/ateliermolecule.fr\/index.php\/wp-json\/wp\/v2\/comments?post=938"}],"version-history":[{"count":46,"href":"https:\/\/ateliermolecule.fr\/index.php\/wp-json\/wp\/v2\/pages\/938\/revisions"}],"predecessor-version":[{"id":1179,"href":"https:\/\/ateliermolecule.fr\/index.php\/wp-json\/wp\/v2\/pages\/938\/revisions\/1179"}],"wp:attachment":[{"href":"https:\/\/ateliermolecule.fr\/index.php\/wp-json\/wp\/v2\/media?parent=938"}],"curies":[{"name":"wp","href":"https:\/\/api.w.org\/{rel}","templated":true}]}}