{"id":364,"date":"2025-03-17T14:37:29","date_gmt":"2025-03-17T13:37:29","guid":{"rendered":"https:\/\/molecule.en-production.fr\/?page_id=364"},"modified":"2025-04-02T14:37:41","modified_gmt":"2025-04-02T12:37:41","slug":"mentions-legales","status":"publish","type":"page","link":"https:\/\/ateliermolecule.fr\/index.php\/mentions-legales\/","title":{"rendered":"Mentions L\u00e9gales"},"content":{"rendered":"\t\t<div data-elementor-type=\"wp-page\" data-elementor-id=\"364\" class=\"elementor elementor-364\">\n\t\t\t\t<div class=\"elementor-element elementor-element-13401289 e-flex e-con-boxed e-con e-parent\" data-id=\"13401289\" data-element_type=\"container\" data-e-type=\"container\">\n\t\t\t\t\t<div class=\"e-con-inner\">\n\t\t\t\t<div class=\"elementor-element elementor-element-40e473ad elementor-widget elementor-widget-text-editor\" data-id=\"40e473ad\" data-element_type=\"widget\" data-e-type=\"widget\" data-widget_type=\"text-editor.default\">\n\t\t\t\t<div class=\"elementor-widget-container\">\n\t\t\t\t\t\t\t\t\t<p><b>Qui sommes-nous ?<\/b><\/p>\n<p>L\u2019adresse de notre site est : https:\/\/ateliermolecule.fr.<\/p>\n<p>Il s&rsquo;agit d&rsquo;un site vitrine repr\u00e9sentant les activit\u00e9s de trois entreprises distinctes :<\/p>\n<p>\u00a0<\/p>\n<p>Nom : Atelier Capdupuy<\/p>\n<p>G\u00e9rante : Charlotte Fertin<\/p>\n<p>Statut juridique : SARL<\/p>\n<p>Adresse du si\u00e8ge : 6 place Andr\u00e9 Meunier, 33800 BORDEAUX<\/p>\n<p>SIRET : 937 737 518 00012<\/p>\n<p>E-mail : atelier.capdupuy@gmail.com<\/p>\n<p>\u00a0<\/p>\n<p>Nom : Juliette Fertin<\/p>\n<p>G\u00e9rante : Juliette Fertin\u00a0<\/p>\n<p>Statut juridique : micro-entreprise<\/p>\n<p>Adresse du si\u00e8ge : 1 rue Edmond Costedoat 33800 BORDEAUX<\/p>\n<p>SIRET : <span style=\"font-weight: 400;\">909 988 347 00011<\/span><\/p>\n<p>E-mail : juliettefertin@gmail.com<\/p>\n<p>\u00a0<\/p>\n<p>Nom : Emma Bescos<\/p>\n<p>G\u00e9rante : Emma Bescos<\/p>\n<p>Statut juridique : micro-entreprise<\/p>\n<p>Adresse du si\u00e8ge :\u00a0<\/p>\n<p>SIRET : 921 193 785 00018<\/p>\n<p>E-mail : emma.bescos@orange.fr<\/p>\n<p>\u00a0<\/p>\n<p>Responsables de publication : Charlotte Fertin ; Juliette Fertin ; Emma Bescos<\/p>\n<p>H\u00e9bergeur du site :\u00a0<\/p>\n<p><!-- \/wp:paragraph --><!-- wp:heading --><\/p>\t\t\t\t\t\t\t\t<\/div>\n\t\t\t\t<\/div>\n\t\t\t\t\t<\/div>\n\t\t\t\t<\/div>\n\t\t\t\t<\/div>\n\t\t","protected":false},"excerpt":{"rendered":"<p>Qui sommes-nous ? L\u2019adresse de notre site est : https:\/\/ateliermolecule.fr. Il s&rsquo;agit d&rsquo;un site vitrine repr\u00e9sentant les activit\u00e9s de trois entreprises distinctes : \u00a0 Nom : Atelier Capdupuy G\u00e9rante : Charlotte Fertin Statut juridique : SARL Adresse du si\u00e8ge : 6 place Andr\u00e9 Meunier, 33800 BORDEAUX SIRET : 937 737 518 00012 E-mail : atelier.capdupuy@gmail.com [&hellip;]<\/p>\n","protected":false},"author":1,"featured_media":0,"parent":0,"menu_order":0,"comment_status":"closed","ping_status":"closed","template":"","meta":{"footnotes":""},"class_list":["post-364","page","type-page","status-publish","hentry"],"_links":{"self":[{"href":"https:\/\/ateliermolecule.fr\/index.php\/wp-json\/wp\/v2\/pages\/364","targetHints":{"allow":["GET"]}}],"collection":[{"href":"https:\/\/ateliermolecule.fr\/index.php\/wp-json\/wp\/v2\/pages"}],"about":[{"href":"https:\/\/ateliermolecule.fr\/index.php\/wp-json\/wp\/v2\/types\/page"}],"author":[{"embeddable":true,"href":"https:\/\/ateliermolecule.fr\/index.php\/wp-json\/wp\/v2\/users\/1"}],"replies":[{"embeddable":true,"href":"https:\/\/ateliermolecule.fr\/index.php\/wp-json\/wp\/v2\/comments?post=364"}],"version-history":[{"count":13,"href":"https:\/\/ateliermolecule.fr\/index.php\/wp-json\/wp\/v2\/pages\/364\/revisions"}],"predecessor-version":[{"id":624,"href":"https:\/\/ateliermolecule.fr\/index.php\/wp-json\/wp\/v2\/pages\/364\/revisions\/624"}],"wp:attachment":[{"href":"https:\/\/ateliermolecule.fr\/index.php\/wp-json\/wp\/v2\/media?parent=364"}],"curies":[{"name":"wp","href":"https:\/\/api.w.org\/{rel}","templated":true}]}}