{"id":118,"date":"2025-03-06T18:11:34","date_gmt":"2025-03-06T17:11:34","guid":{"rendered":"http:\/\/localhost\/wordpress\/?page_id=118"},"modified":"2025-06-16T11:39:03","modified_gmt":"2025-06-16T09:39:03","slug":"charlotte-fertin","status":"publish","type":"page","link":"https:\/\/ateliermolecule.fr\/index.php\/charlotte-fertin\/","title":{"rendered":"Charlotte Fertin"},"content":{"rendered":"\t\t<div data-elementor-type=\"wp-page\" data-elementor-id=\"118\" class=\"elementor elementor-118\">\n\t\t\t\t<div class=\"elementor-element elementor-element-1317c08f e-con-full e-flex e-con e-parent\" data-id=\"1317c08f\" data-element_type=\"container\" data-e-type=\"container\" data-settings=\"{&quot;background_background&quot;:&quot;classic&quot;}\">\n\t\t<div class=\"elementor-element elementor-element-1d1ceeb7 e-con-full e-flex elementor-invisible e-con e-child\" data-id=\"1d1ceeb7\" data-element_type=\"container\" data-e-type=\"container\" data-settings=\"{&quot;background_background&quot;:&quot;classic&quot;,&quot;animation&quot;:&quot;fadeIn&quot;}\">\n\t\t\t\t<div class=\"elementor-element elementor-element-5441cb66 elementor-widget elementor-widget-heading\" data-id=\"5441cb66\" data-element_type=\"widget\" data-e-type=\"widget\" data-widget_type=\"heading.default\">\n\t\t\t\t<div class=\"elementor-widget-container\">\n\t\t\t\t\t<h1 class=\"elementor-heading-title elementor-size-default\">Charlotte Fertin<\/h1>\t\t\t\t<\/div>\n\t\t\t\t<\/div>\n\t\t\t\t<div class=\"elementor-element elementor-element-62119a9 elementor-widget__width-initial elementor-widget elementor-widget-heading\" data-id=\"62119a9\" data-element_type=\"widget\" data-e-type=\"widget\" data-widget_type=\"heading.default\">\n\t\t\t\t<div class=\"elementor-widget-container\">\n\t\t\t\t\t<h2 class=\"elementor-heading-title elementor-size-default\">Restauratrice de tableaux Doreuse ornemaniste<\/h2>\t\t\t\t<\/div>\n\t\t\t\t<\/div>\n\t\t\t\t<div class=\"elementor-element elementor-element-6321f01 elementor-widget elementor-widget-text-editor\" data-id=\"6321f01\" data-element_type=\"widget\" data-e-type=\"widget\" data-widget_type=\"text-editor.default\">\n\t\t\t\t<div class=\"elementor-widget-container\">\n\t\t\t\t\t\t\t\t\t<p>Mon m\u00e9tier est n\u00e9 d&rsquo;une grande curiosit\u00e9 pour l&rsquo;histoire de l&rsquo;art et d&rsquo;un profond respect pour les techniques artistiques. J&rsquo;ai consacr\u00e9 plusieurs ann\u00e9es \u00e0 me former dans ce domaine exigeant. Dipl\u00f4m\u00e9e de l&rsquo;Ecole de Cond\u00e9 Paris, j&rsquo;ai compl\u00e9t\u00e9 mon parcours par un CAP de dorure et ornementation.<\/p><p>Cette passion m&rsquo;a men\u00e9e \u00e0 voyager et \u00e0 travailler sur des chantiers prestigieux, notamment l&rsquo;h\u00f4tel de la Marine \u00e0 Paris et le ch\u00e2teau de Versailles.<\/p><p>Aujourd&rsquo;hui, j&rsquo;ai \u00e0 c\u0153ur de valoriser et pr\u00e9server les \u0153uvres d&rsquo;art quel que soit leur prestige, en mettant mon savoir-faire au service des particuliers, collectionneurs et professionnels du march\u00e9 de l&rsquo;art.<\/p>\t\t\t\t\t\t\t\t<\/div>\n\t\t\t\t<\/div>\n\t\t\t\t<\/div>\n\t\t\t\t<\/div>\n\t\t<div class=\"elementor-element elementor-element-48f76e30 e-con-full e-flex elementor-invisible e-con e-parent\" data-id=\"48f76e30\" data-element_type=\"container\" data-e-type=\"container\" data-settings=\"{&quot;animation&quot;:&quot;fadeInUp&quot;}\">\n\t\t\t\t<div class=\"elementor-element elementor-element-778417ff elementor-widget elementor-widget-heading\" data-id=\"778417ff\" data-element_type=\"widget\" data-e-type=\"widget\" data-widget_type=\"heading.default\">\n\t\t\t\t<div class=\"elementor-widget-container\">\n\t\t\t\t\t<h1 class=\"elementor-heading-title elementor-size-default\">L'atelier Capdupuy : restauration et conservation des \u0153uvres peintes<\/h1>\t\t\t\t<\/div>\n\t\t\t\t<\/div>\n\t\t<div class=\"elementor-element elementor-element-3e312f0 e-flex e-con-boxed e-con e-child\" data-id=\"3e312f0\" data-element_type=\"container\" data-e-type=\"container\">\n\t\t\t\t\t<div class=\"e-con-inner\">\n\t\t<div class=\"elementor-element elementor-element-55fd177 e-grid e-con-full e-con e-child\" data-id=\"55fd177\" data-element_type=\"container\" data-e-type=\"container\">\n\t\t\t\t<div class=\"elementor-element elementor-element-f30ba06 elementor-widget elementor-widget-image\" data-id=\"f30ba06\" data-element_type=\"widget\" data-e-type=\"widget\" data-widget_type=\"image.default\">\n\t\t\t\t<div class=\"elementor-widget-container\">\n\t\t\t\t\t\t\t\t\t\t\t\t\t\t\t<img fetchpriority=\"high\" decoding=\"async\" width=\"1000\" height=\"1500\" src=\"https:\/\/ateliermolecule.fr\/wp-content\/uploads\/2025\/04\/tableau-avant.jpg\" class=\"attachment-full size-full wp-image-544\" alt=\"exemple d&#039;un tableau avant restauration\" srcset=\"https:\/\/ateliermolecule.fr\/wp-content\/uploads\/2025\/04\/tableau-avant.jpg 1000w, https:\/\/ateliermolecule.fr\/wp-content\/uploads\/2025\/04\/tableau-avant-200x300.jpg 200w, https:\/\/ateliermolecule.fr\/wp-content\/uploads\/2025\/04\/tableau-avant-683x1024.jpg 683w, https:\/\/ateliermolecule.fr\/wp-content\/uploads\/2025\/04\/tableau-avant-768x1152.jpg 768w\" sizes=\"(max-width: 1000px) 100vw, 1000px\" \/>\t\t\t\t\t\t\t\t\t\t\t\t\t\t\t<\/div>\n\t\t\t\t<\/div>\n\t\t\t\t<div class=\"elementor-element elementor-element-cfed8c6 elementor-widget elementor-widget-image\" data-id=\"cfed8c6\" data-element_type=\"widget\" data-e-type=\"widget\" data-widget_type=\"image.default\">\n\t\t\t\t<div class=\"elementor-widget-container\">\n\t\t\t\t\t\t\t\t\t\t\t\t\t\t\t<img decoding=\"async\" width=\"1000\" height=\"1500\" src=\"https:\/\/ateliermolecule.fr\/wp-content\/uploads\/2025\/04\/detail-avant.jpg\" class=\"attachment-full size-full wp-image-538\" alt=\"\" srcset=\"https:\/\/ateliermolecule.fr\/wp-content\/uploads\/2025\/04\/detail-avant.jpg 1000w, https:\/\/ateliermolecule.fr\/wp-content\/uploads\/2025\/04\/detail-avant-200x300.jpg 200w, https:\/\/ateliermolecule.fr\/wp-content\/uploads\/2025\/04\/detail-avant-683x1024.jpg 683w, https:\/\/ateliermolecule.fr\/wp-content\/uploads\/2025\/04\/detail-avant-768x1152.jpg 768w\" sizes=\"(max-width: 1000px) 100vw, 1000px\" \/>\t\t\t\t\t\t\t\t\t\t\t\t\t\t\t<\/div>\n\t\t\t\t<\/div>\n\t\t\t\t<\/div>\n\t\t\t\t\t<\/div>\n\t\t\t\t<\/div>\n\t\t<div class=\"elementor-element elementor-element-8af0af0 e-flex e-con-boxed e-con e-child\" data-id=\"8af0af0\" data-element_type=\"container\" data-e-type=\"container\">\n\t\t\t\t\t<div class=\"e-con-inner\">\n\t\t<div class=\"elementor-element elementor-element-8c32620 e-con-full e-flex e-con e-child\" data-id=\"8c32620\" data-element_type=\"container\" data-e-type=\"container\">\n\t\t\t\t<div class=\"elementor-element elementor-element-0566469 elementor-widget elementor-widget-text-editor\" data-id=\"0566469\" data-element_type=\"widget\" data-e-type=\"widget\" data-widget_type=\"text-editor.default\">\n\t\t\t\t<div class=\"elementor-widget-container\">\n\t\t\t\t\t\t\t\t\t<p>Restaurer une \u0153uvre, ce n&rsquo;est pas seulement lui rendre son \u00e9clat d&rsquo;origine, c&rsquo;est surtout respecter son histoire et la pr\u00e9server. Mon approche repose sur une observation attentive de la technique du peintre, afin d&rsquo;intervenir avec justesse et sensibilit\u00e9.<\/p><p>Je veille \u00e0 utiliser des mat\u00e9riaux neutres, r\u00e9versibles et stables, garantissant ainsi la p\u00e9rennit\u00e9 des restaurations et leur compatibilit\u00e9 avec les exigences modernes de conservation.<\/p>\t\t\t\t\t\t\t\t<\/div>\n\t\t\t\t<\/div>\n\t\t\t\t<\/div>\n\t\t<div class=\"elementor-element elementor-element-72f2b7c e-con-full e-flex e-con e-child\" data-id=\"72f2b7c\" data-element_type=\"container\" data-e-type=\"container\">\n\t\t\t\t<div class=\"elementor-element elementor-element-74fdeee elementor-widget elementor-widget-text-editor\" data-id=\"74fdeee\" data-element_type=\"widget\" data-e-type=\"widget\" data-widget_type=\"text-editor.default\">\n\t\t\t\t<div class=\"elementor-widget-container\">\n\t\t\t\t\t\t\t\t\t<p>Faire restaurer un tableau ou un cadre ancien est une d\u00e9marche qui demande confiance et dialogue. J&rsquo;accompagne mes clients dans cette r\u00e9flexion en leur apportant des conseils adapt\u00e9s \u00e0 leurs besoins, que ce soit pour une conservation optimale, une mise en valeur esth\u00e9tique ou un investissement dans l&rsquo;art ancien.<\/p><p>Je me d\u00e9place \u00e9galement pour \u00e9valuer l&rsquo;\u00e9tat des \u0153uvres et proposer des solutions adapt\u00e9es.<\/p>\t\t\t\t\t\t\t\t<\/div>\n\t\t\t\t<\/div>\n\t\t\t\t<\/div>\n\t\t\t\t\t<\/div>\n\t\t\t\t<\/div>\n\t\t\t\t<\/div>\n\t\t<div class=\"elementor-element elementor-element-c5b05f9 e-flex e-con-boxed elementor-invisible e-con e-parent\" data-id=\"c5b05f9\" data-element_type=\"container\" data-e-type=\"container\" data-settings=\"{&quot;background_background&quot;:&quot;classic&quot;,&quot;animation&quot;:&quot;fadeInUp&quot;}\">\n\t\t\t\t\t<div class=\"e-con-inner\">\n\t\t<div class=\"elementor-element elementor-element-5a9d1da e-con-full e-flex e-con e-child\" data-id=\"5a9d1da\" data-element_type=\"container\" data-e-type=\"container\">\n\t\t<div class=\"elementor-element elementor-element-9f02233 e-con-full e-flex e-con e-child\" data-id=\"9f02233\" data-element_type=\"container\" data-e-type=\"container\">\n\t\t<div class=\"elementor-element elementor-element-f7f91d5 e-con-full e-flex e-con e-child\" data-id=\"f7f91d5\" data-element_type=\"container\" data-e-type=\"container\">\n\t\t\t\t<div class=\"elementor-element elementor-element-e02d2dc elementor-widget elementor-widget-heading\" data-id=\"e02d2dc\" data-element_type=\"widget\" data-e-type=\"widget\" data-widget_type=\"heading.default\">\n\t\t\t\t<div class=\"elementor-widget-container\">\n\t\t\t\t\t<h2 class=\"elementor-heading-title elementor-size-default\">La dorure traditionnelle et moderne<\/h2>\t\t\t\t<\/div>\n\t\t\t\t<\/div>\n\t\t\t\t<div class=\"elementor-element elementor-element-9405c99 elementor-widget elementor-widget-text-editor\" data-id=\"9405c99\" data-element_type=\"widget\" data-e-type=\"widget\" data-widget_type=\"text-editor.default\">\n\t\t\t\t<div class=\"elementor-widget-container\">\n\t\t\t\t\t\t\t\t\t<p>Au-del\u00e0 de la restauration classique, je souhaite \u00e9galement d\u00e9velopper la dorure dans un contexte contemporain, en collaborant avec des architectes et d\u00e9corateurs d&rsquo;int\u00e9rieur. Ornements traditionnels ou cr\u00e9ations modernes, la dorure peut apporter une dimension et un raffinement unique \u00e0 un espace.<\/p><p>Mon objectif est de d\u00e9poussi\u00e9rer l&rsquo;image de la restauration d&rsquo;art et montrer qu&rsquo;elle peut s&rsquo;int\u00e9grer dans les int\u00e9rieurs d&rsquo;aujourd&rsquo;hui, tout en restant fid\u00e8le \u00e0 son h\u00e9ritage.<\/p>\t\t\t\t\t\t\t\t<\/div>\n\t\t\t\t<\/div>\n\t\t\t\t<\/div>\n\t\t\t\t<\/div>\n\t\t<div class=\"elementor-element elementor-element-905e90d e-con-full e-flex e-con e-child\" data-id=\"905e90d\" data-element_type=\"container\" data-e-type=\"container\">\n\t\t\t\t<div class=\"elementor-element elementor-element-4a8ae23 elementor-widget elementor-widget-image\" data-id=\"4a8ae23\" data-element_type=\"widget\" data-e-type=\"widget\" data-widget_type=\"image.default\">\n\t\t\t\t<div class=\"elementor-widget-container\">\n\t\t\t\t\t\t\t\t\t\t\t\t\t\t\t<img decoding=\"async\" width=\"800\" height=\"800\" src=\"https:\/\/ateliermolecule.fr\/wp-content\/uploads\/2025\/04\/cipriani-st-tropez.jpg\" class=\"attachment-full size-full wp-image-540\" alt=\"\" srcset=\"https:\/\/ateliermolecule.fr\/wp-content\/uploads\/2025\/04\/cipriani-st-tropez.jpg 800w, https:\/\/ateliermolecule.fr\/wp-content\/uploads\/2025\/04\/cipriani-st-tropez-300x300.jpg 300w, https:\/\/ateliermolecule.fr\/wp-content\/uploads\/2025\/04\/cipriani-st-tropez-150x150.jpg 150w, https:\/\/ateliermolecule.fr\/wp-content\/uploads\/2025\/04\/cipriani-st-tropez-768x768.jpg 768w\" sizes=\"(max-width: 800px) 100vw, 800px\" \/>\t\t\t\t\t\t\t\t\t\t\t\t\t\t\t<\/div>\n\t\t\t\t<\/div>\n\t\t\t\t<\/div>\n\t\t\t\t<\/div>\n\t\t\t\t\t<\/div>\n\t\t\t\t<\/div>\n\t\t<div class=\"elementor-element elementor-element-79296d2b e-con-full elementor-hidden-mobile e-flex elementor-invisible e-con e-parent\" data-id=\"79296d2b\" data-element_type=\"container\" data-e-type=\"container\" data-settings=\"{&quot;background_background&quot;:&quot;classic&quot;,&quot;animation&quot;:&quot;fadeInUp&quot;}\">\n\t\t<div class=\"elementor-element elementor-element-7df6c05d e-con-full e-flex e-con e-child\" data-id=\"7df6c05d\" data-element_type=\"container\" data-e-type=\"container\">\n\t\t\t\t<div class=\"elementor-element elementor-element-30d25159 elementor-hidden-mobile elementor-widget elementor-widget-image\" data-id=\"30d25159\" data-element_type=\"widget\" data-e-type=\"widget\" data-widget_type=\"image.default\">\n\t\t\t\t<div class=\"elementor-widget-container\">\n\t\t\t\t\t\t\t\t\t\t\t\t\t\t\t<img loading=\"lazy\" decoding=\"async\" width=\"800\" height=\"800\" src=\"https:\/\/ateliermolecule.fr\/wp-content\/uploads\/2025\/03\/atelier-dorure-bordeaux-2.jpg\" class=\"attachment-full size-full wp-image-511\" alt=\"initiation \u00e0 la dorure\" srcset=\"https:\/\/ateliermolecule.fr\/wp-content\/uploads\/2025\/03\/atelier-dorure-bordeaux-2.jpg 800w, https:\/\/ateliermolecule.fr\/wp-content\/uploads\/2025\/03\/atelier-dorure-bordeaux-2-300x300.jpg 300w, https:\/\/ateliermolecule.fr\/wp-content\/uploads\/2025\/03\/atelier-dorure-bordeaux-2-150x150.jpg 150w, https:\/\/ateliermolecule.fr\/wp-content\/uploads\/2025\/03\/atelier-dorure-bordeaux-2-768x768.jpg 768w\" sizes=\"(max-width: 800px) 100vw, 800px\" \/>\t\t\t\t\t\t\t\t\t\t\t\t\t\t\t<\/div>\n\t\t\t\t<\/div>\n\t\t\t\t<\/div>\n\t\t<div class=\"elementor-element elementor-element-510b9c74 e-con-full e-flex e-con e-child\" data-id=\"510b9c74\" data-element_type=\"container\" data-e-type=\"container\">\n\t\t\t\t<div class=\"elementor-element elementor-element-352d86 elementor-widget elementor-widget-heading\" data-id=\"352d86\" data-element_type=\"widget\" data-e-type=\"widget\" data-widget_type=\"heading.default\">\n\t\t\t\t<div class=\"elementor-widget-container\">\n\t\t\t\t\t<h2 class=\"elementor-heading-title elementor-size-default\">Prendre un cours<br>avec Charlotte<\/h2>\t\t\t\t<\/div>\n\t\t\t\t<\/div>\n\t\t\t\t<div class=\"elementor-element elementor-element-3a9068a0 elementor-widget elementor-widget-text-editor\" data-id=\"3a9068a0\" data-element_type=\"widget\" data-e-type=\"widget\" data-widget_type=\"text-editor.default\">\n\t\t\t\t<div class=\"elementor-widget-container\">\n\t\t\t\t\t\t\t\t\t<p>Venez \u00e0 l&rsquo;atelier r\u00e9aliser votre propre cadre \u00e0 la feuille d&rsquo;or et d\u00e9couvrir ce m\u00e9tier fascinant.<\/p><p>Laissez votre cr\u00e9ativit\u00e9 s&rsquo;exprimer !\u00a0<\/p>\t\t\t\t\t\t\t\t<\/div>\n\t\t\t\t<\/div>\n\t\t\t\t<div class=\"elementor-element elementor-element-52ad0315 elementor-widget elementor-widget-button\" data-id=\"52ad0315\" data-element_type=\"widget\" data-e-type=\"widget\" data-settings=\"{&quot;_animation&quot;:&quot;none&quot;}\" data-widget_type=\"button.default\">\n\t\t\t\t<div class=\"elementor-widget-container\">\n\t\t\t\t\t\t\t\t\t<div class=\"elementor-button-wrapper\">\n\t\t\t\t\t<a class=\"elementor-button elementor-button-link elementor-size-sm elementor-animation-grow\" href=\"https:\/\/ateliermolecule.fr\/index.php\/la-dorure\/\">\n\t\t\t\t\t\t<span class=\"elementor-button-content-wrapper\">\n\t\t\t\t\t\t\t\t\t<span class=\"elementor-button-text\">R\u00e9server un cours<\/span>\n\t\t\t\t\t<\/span>\n\t\t\t\t\t<\/a>\n\t\t\t\t<\/div>\n\t\t\t\t\t\t\t\t<\/div>\n\t\t\t\t<\/div>\n\t\t\t\t<\/div>\n\t\t\t\t<\/div>\n\t\t<div class=\"elementor-element elementor-element-456c035 e-con-full elementor-hidden-desktop elementor-hidden-tablet e-flex elementor-invisible e-con e-parent\" data-id=\"456c035\" data-element_type=\"container\" data-e-type=\"container\" data-settings=\"{&quot;background_background&quot;:&quot;classic&quot;,&quot;animation&quot;:&quot;fadeInUp&quot;}\">\n\t\t<div class=\"elementor-element elementor-element-80ca595 e-con-full e-flex e-con e-child\" data-id=\"80ca595\" data-element_type=\"container\" data-e-type=\"container\">\n\t\t\t\t<div class=\"elementor-element elementor-element-db74b7b elementor-widget elementor-widget-heading\" data-id=\"db74b7b\" data-element_type=\"widget\" data-e-type=\"widget\" data-widget_type=\"heading.default\">\n\t\t\t\t<div class=\"elementor-widget-container\">\n\t\t\t\t\t<h2 class=\"elementor-heading-title elementor-size-default\">Prendre un cours<br>avec Charlotte<\/h2>\t\t\t\t<\/div>\n\t\t\t\t<\/div>\n\t\t\t\t<div class=\"elementor-element elementor-element-c4768a4 elementor-widget elementor-widget-text-editor\" data-id=\"c4768a4\" data-element_type=\"widget\" data-e-type=\"widget\" data-widget_type=\"text-editor.default\">\n\t\t\t\t<div class=\"elementor-widget-container\">\n\t\t\t\t\t\t\t\t\t<p>Venez \u00e0 l&rsquo;atelier r\u00e9aliser votre propre cadre \u00e0 la feuille d&rsquo;or et d\u00e9couvrir ce m\u00e9tier fascinant.<\/p><p>Laissez votre cr\u00e9ativit\u00e9 s&rsquo;exprimer !\u00a0<\/p>\t\t\t\t\t\t\t\t<\/div>\n\t\t\t\t<\/div>\n\t\t\t\t<div class=\"elementor-element elementor-element-6ac6602 elementor-widget elementor-widget-button\" data-id=\"6ac6602\" data-element_type=\"widget\" data-e-type=\"widget\" data-settings=\"{&quot;_animation&quot;:&quot;none&quot;}\" data-widget_type=\"button.default\">\n\t\t\t\t<div class=\"elementor-widget-container\">\n\t\t\t\t\t\t\t\t\t<div class=\"elementor-button-wrapper\">\n\t\t\t\t\t<a class=\"elementor-button elementor-button-link elementor-size-sm elementor-animation-grow\" href=\"https:\/\/ateliermolecule.fr\/index.php\/la-dorure\/\">\n\t\t\t\t\t\t<span class=\"elementor-button-content-wrapper\">\n\t\t\t\t\t\t\t\t\t<span class=\"elementor-button-text\">R\u00e9server un cours<\/span>\n\t\t\t\t\t<\/span>\n\t\t\t\t\t<\/a>\n\t\t\t\t<\/div>\n\t\t\t\t\t\t\t\t<\/div>\n\t\t\t\t<\/div>\n\t\t\t\t<\/div>\n\t\t\t\t<\/div>\n\t\t\t\t<\/div>\n\t\t","protected":false},"excerpt":{"rendered":"<p>Charlotte Fertin Restauratrice de tableaux Doreuse ornemaniste Mon m\u00e9tier est n\u00e9 d&rsquo;une grande curiosit\u00e9 pour l&rsquo;histoire de l&rsquo;art et d&rsquo;un profond respect pour les techniques artistiques. J&rsquo;ai consacr\u00e9 plusieurs ann\u00e9es \u00e0 me former dans ce domaine exigeant. Dipl\u00f4m\u00e9e de l&rsquo;Ecole de Cond\u00e9 Paris, j&rsquo;ai compl\u00e9t\u00e9 mon parcours par un CAP de dorure et ornementation. Cette [&hellip;]<\/p>\n","protected":false},"author":1,"featured_media":0,"parent":0,"menu_order":0,"comment_status":"closed","ping_status":"closed","template":"elementor_header_footer","meta":{"footnotes":""},"class_list":["post-118","page","type-page","status-publish","hentry"],"_links":{"self":[{"href":"https:\/\/ateliermolecule.fr\/index.php\/wp-json\/wp\/v2\/pages\/118","targetHints":{"allow":["GET"]}}],"collection":[{"href":"https:\/\/ateliermolecule.fr\/index.php\/wp-json\/wp\/v2\/pages"}],"about":[{"href":"https:\/\/ateliermolecule.fr\/index.php\/wp-json\/wp\/v2\/types\/page"}],"author":[{"embeddable":true,"href":"https:\/\/ateliermolecule.fr\/index.php\/wp-json\/wp\/v2\/users\/1"}],"replies":[{"embeddable":true,"href":"https:\/\/ateliermolecule.fr\/index.php\/wp-json\/wp\/v2\/comments?post=118"}],"version-history":[{"count":50,"href":"https:\/\/ateliermolecule.fr\/index.php\/wp-json\/wp\/v2\/pages\/118\/revisions"}],"predecessor-version":[{"id":1075,"href":"https:\/\/ateliermolecule.fr\/index.php\/wp-json\/wp\/v2\/pages\/118\/revisions\/1075"}],"wp:attachment":[{"href":"https:\/\/ateliermolecule.fr\/index.php\/wp-json\/wp\/v2\/media?parent=118"}],"curies":[{"name":"wp","href":"https:\/\/api.w.org\/{rel}","templated":true}]}}